{"id":5,"date":"2021-03-04T16:34:27","date_gmt":"2021-03-04T16:34:27","guid":{"rendered":"http:\/\/www.internetsociety.ro\/?page_id=5"},"modified":"2025-05-22T05:52:39","modified_gmt":"2025-05-22T05:52:39","slug":"home","status":"publish","type":"page","link":"https:\/\/www.internetsociety.ro\/","title":{"rendered":"Acas\u0103"},"content":{"rendered":"\n<p>Internet Society, asocia\u021bie cu peste 50.000 de membri persoane fizice \u0219i juridice, num\u0103r\u00e2nd peste 90 de sucursale \u00een lume, este o organiza\u021bie interna\u021bional\u0103 neguvernamental\u0103 care lucreaz\u0103 pentru a se asigura c\u0103 to\u021bi oamenii din lume beneficiaz\u0103 \u00een mod egal de Internet \u0219i sprijin\u0103 \u00een mod deschis dezvoltarea \u0219i utilizarea internetului.<\/p>\n\n\n\n<p>Asocia\u021bia pentru Dezvoltarea Internetului a fost creat\u0103 \u00een 2021 cu scopul declarat de a deveni parte din aceast\u0103 familie si de a intemeia Capitolul Internet Society Romania.<\/p>\n\n\n\n<p><strong>Misiunea Internet Society Rom\u00e2nia<\/strong><\/p>\n\n\n\n<p>Misiunea Internet Society Rom\u00e2nia este de a promova dezvoltarea unui Internet deschis, sigur, accesibil \u0219i fiabil pentru to\u021bi cet\u0103\u021benii din Rom\u00e2nia. Organiza\u021bia urm\u0103re\u0219te s\u0103 sprijine inova\u021bia digital\u0103, educa\u021bia \u00een domeniul Internetului, protejarea drepturilor utilizatorilor online \u0219i reducerea decalajelor digitale \u00een comunit\u0103\u021bile defavorizate. De asemenea, \u00ee\u0219i propune s\u0103 contribuie activ la formularea politicilor publice care vizeaz\u0103 un Internet liber \u0219i responsabil.<\/p>\n\n\n\n<p><strong>Viziunea Internet Society Rom\u00e2nia<\/strong><\/p>\n\n\n\n<p>Viziunea este aceea a unei societ\u0103\u021bi rom\u00e2ne\u0219ti \u00een care Internetul este un instrument esen\u021bial pentru progres economic, educa\u021bional \u0219i social, disponibil \u00een mod egal tuturor cet\u0103\u021benilor, indiferent de mediu, v\u00e2rst\u0103 sau statut. Capitolul ISOC Rom\u00e2nia aspir\u0103 s\u0103 devin\u0103 un catalizator pentru o transformare digital\u0103 sustenabil\u0103 \u0219i incluziv\u0103, \u00een linie cu valorile globale ale Internet Society.<\/p>\n\n\n\n<p><strong>Cum s\u0103 devin membru<\/strong><\/p>\n\n\n\n<p>Dac\u0103 dore\u0219ti s\u0103 fii parte din familia noastr\u0103, descarc\u0103 de mai jos formularul de adeziune la Capitolul Internet Society Romania, completeaza-l \u0219i trimite-l prin email la office (@) internetsociety (.) ro.<\/p>\n\n\n\n<div class=\"wp-block-file\"><a href=\"https:\/\/www.internetsociety.ro\/wp-content\/uploads\/2021\/04\/Adeziune.docx\">Formular de Adeziune<\/a><a class=\"wp-block-file__button\" href=\"http:\/\/www.internetsociety.ro\/wp-content\/uploads\/2021\/12\/Adeziune-Chapter-ISOC-Romania.docx\" download=\"\">Download<\/a><\/div>\n\n\n\n<p>De asemenea, \u00ee\u021bi recomand\u0103m <a href=\"https:\/\/portal.internetsociety.org\/622619\/form\/join\" target=\"_blank\" rel=\"noreferrer noopener\">s\u0103 te \u00eenscrii \u0219i la organiza\u021bia ISOC mam\u0103<\/a>.<\/p>\n","protected":false},"excerpt":{"rendered":"<p>Internet Society, asocia\u021bie cu peste 50.000 de membri persoane fizice \u0219i juridice, num\u0103r\u00e2nd peste 90 de sucursale \u00een lume, este o organiza\u021bie interna\u021bional\u0103 neguvernamental\u0103 care lucreaz\u0103 pentru a se asigura c\u0103 to\u021bi oamenii din lume beneficiaz\u0103 \u00een mod egal de Internet \u0219i sprijin\u0103 \u00een mod deschis dezvoltarea \u0219i utilizarea internetului. Asocia\u021bia pentru Dezvoltarea Internetului a &hellip; <\/p>\n<p class=\"link-more\"><a href=\"https:\/\/www.internetsociety.ro\/\" class=\"more-link\">Continue reading<span class=\"screen-reader-text\"> &#8220;Acas\u0103&#8221;<\/span><\/a><\/p>\n","protected":false},"author":1,"featured_media":128,"parent":0,"menu_order":0,"comment_status":"closed","ping_status":"closed","template":"","meta":{"footnotes":""},"class_list":["post-5","page","type-page","status-publish","has-post-thumbnail","hentry"],"jetpack_sharing_enabled":true,"_links":{"self":[{"href":"https:\/\/www.internetsociety.ro\/index.php?rest_route=\/wp\/v2\/pages\/5","targetHints":{"allow":["GET"]}}],"collection":[{"href":"https:\/\/www.internetsociety.ro\/index.php?rest_route=\/wp\/v2\/pages"}],"about":[{"href":"https:\/\/www.internetsociety.ro\/index.php?rest_route=\/wp\/v2\/types\/page"}],"author":[{"embeddable":true,"href":"https:\/\/www.internetsociety.ro\/index.php?rest_route=\/wp\/v2\/users\/1"}],"replies":[{"embeddable":true,"href":"https:\/\/www.internetsociety.ro\/index.php?rest_route=%2Fwp%2Fv2%2Fcomments&post=5"}],"version-history":[{"count":12,"href":"https:\/\/www.internetsociety.ro\/index.php?rest_route=\/wp\/v2\/pages\/5\/revisions"}],"predecessor-version":[{"id":1137,"href":"https:\/\/www.internetsociety.ro\/index.php?rest_route=\/wp\/v2\/pages\/5\/revisions\/1137"}],"wp:featuredmedia":[{"embeddable":true,"href":"https:\/\/www.internetsociety.ro\/index.php?rest_route=\/wp\/v2\/media\/128"}],"wp:attachment":[{"href":"https:\/\/www.internetsociety.ro\/index.php?rest_route=%2Fwp%2Fv2%2Fmedia&parent=5"}],"curies":[{"name":"wp","href":"https:\/\/api.w.org\/{rel}","templated":true}]}}